{"id":531,"date":"2016-11-26T11:51:29","date_gmt":"2016-11-26T10:51:29","guid":{"rendered":"http:\/\/puyhardy.esy.es\/wordpress\/?page_id=531"},"modified":"2022-04-30T16:57:13","modified_gmt":"2022-04-30T14:57:13","slug":"actes-a-dechiffrer","status":"publish","type":"page","link":"http:\/\/puyhardy.fr\/genealogie\/actes-a-dechiffrer\/","title":{"rendered":"actes \u00e0 d\u00e9chiffrer"},"content":{"rendered":"<p style=\"text-align: justify;\">Bonjour<\/p>\n<p>Je cherche \u00e0 d\u00e9chiffrer le nom de la m\u00e8re dans un acte de bapt\u00eame du 11712 \u00e0 Saint-Pardoux-la-Rivi\u00e8re en Dordogne. Il s\u00a0\u00bbagit de Marie\u00a0 (&#8230;.)\u00a0 du Recours.<\/p>\n<p>Je ne comprend pas le nom qui suit <em>Marie<\/em> \u00e0 la fin de la ligne et qui pr\u00e9c\u00e8de <em>du Recours<\/em> au d\u00e9but de la ligne suivante.<\/p>\n<p><span style=\"color: #339966;\">NB : en cliquant sur chaque image vous les ouvrez dans un autre onglet, pour les voir en grande dimension<\/span><\/p>\n<p><a href=\"http:\/\/puyhardy.fr\/genealogie\/wp-content\/uploads\/2022\/04\/SPX-17120511.jpg\"><img loading=\"lazy\" class=\"alignnone wp-image-803 size-full\" src=\"http:\/\/puyhardy.fr\/genealogie\/wp-content\/uploads\/2022\/04\/SPX-17120511.jpg\" alt=\"\" width=\"1920\" height=\"1080\" srcset=\"http:\/\/puyhardy.fr\/genealogie\/wp-content\/uploads\/2022\/04\/SPX-17120511.jpg 1920w, http:\/\/puyhardy.fr\/genealogie\/wp-content\/uploads\/2022\/04\/SPX-17120511-300x169.jpg 300w, http:\/\/puyhardy.fr\/genealogie\/wp-content\/uploads\/2022\/04\/SPX-17120511-1024x576.jpg 1024w, http:\/\/puyhardy.fr\/genealogie\/wp-content\/uploads\/2022\/04\/SPX-17120511-768x432.jpg 768w, http:\/\/puyhardy.fr\/genealogie\/wp-content\/uploads\/2022\/04\/SPX-17120511-1536x864.jpg 1536w, http:\/\/puyhardy.fr\/genealogie\/wp-content\/uploads\/2022\/04\/SPX-17120511-1200x675.jpg 1200w\" sizes=\"(max-width: 709px) 85vw, (max-width: 909px) 67vw, (max-width: 1362px) 62vw, 840px\" \/><\/a><\/p>\n<p>Toutes vos suggestions seront les bienvenues, soit par courriel \u00e0 <a href=\"mailto:jean-michel.puyhardy@wanadoo.fr\">jean-michel.puyhardy@wanadoo.fr<\/a>, soit en laissant un commentaire (colonne de droite). Un grand merci d&rsquo;avance.<\/p>\n<p><span style=\"color: #008000;\">\u00a0<\/span><\/p>\n","protected":false},"excerpt":{"rendered":"<p>Bonjour Je cherche \u00e0 d\u00e9chiffrer le nom de la m\u00e8re dans un acte de bapt\u00eame du 11712 \u00e0 Saint-Pardoux-la-Rivi\u00e8re en Dordogne. Il s\u00a0\u00bbagit de Marie\u00a0 (&#8230;.)\u00a0 du Recours. Je ne comprend pas le nom qui suit Marie \u00e0 la fin de la ligne et qui pr\u00e9c\u00e8de du Recours au d\u00e9but de la ligne suivante. NB &hellip; <a href=\"http:\/\/puyhardy.fr\/genealogie\/actes-a-dechiffrer\/\" class=\"more-link\">Continuer la lecture<span class=\"screen-reader-text\"> de &laquo;&nbsp;actes \u00e0 d\u00e9chiffrer&nbsp;&raquo;<\/span><\/a><\/p>\n","protected":false},"author":2,"featured_media":0,"parent":0,"menu_order":0,"comment_status":"closed","ping_status":"closed","template":"","meta":[],"_links":{"self":[{"href":"http:\/\/puyhardy.fr\/genealogie\/wp-json\/wp\/v2\/pages\/531"}],"collection":[{"href":"http:\/\/puyhardy.fr\/genealogie\/wp-json\/wp\/v2\/pages"}],"about":[{"href":"http:\/\/puyhardy.fr\/genealogie\/wp-json\/wp\/v2\/types\/page"}],"author":[{"embeddable":true,"href":"http:\/\/puyhardy.fr\/genealogie\/wp-json\/wp\/v2\/users\/2"}],"replies":[{"embeddable":true,"href":"http:\/\/puyhardy.fr\/genealogie\/wp-json\/wp\/v2\/comments?post=531"}],"version-history":[{"count":17,"href":"http:\/\/puyhardy.fr\/genealogie\/wp-json\/wp\/v2\/pages\/531\/revisions"}],"predecessor-version":[{"id":805,"href":"http:\/\/puyhardy.fr\/genealogie\/wp-json\/wp\/v2\/pages\/531\/revisions\/805"}],"wp:attachment":[{"href":"http:\/\/puyhardy.fr\/genealogie\/wp-json\/wp\/v2\/media?parent=531"}],"curies":[{"name":"wp","href":"https:\/\/api.w.org\/{rel}","templated":true}]}}