{"id":680,"date":"2016-05-09T20:24:49","date_gmt":"2016-05-09T18:24:49","guid":{"rendered":"http:\/\/puyhardy.esy.es\/wordpress\/?page_id=2"},"modified":"2018-07-25T08:54:45","modified_gmt":"2018-07-25T06:54:45","slug":"page-d-exemple-2","status":"publish","type":"page","link":"http:\/\/puyhardy.fr\/genealogie\/","title":{"rendered":"ma g\u00e9n\u00e9alogie"},"content":{"rendered":"<p><a href=\"http:\/\/puyhardy.esy.es\/wordpress\/choix-du-site\/page-d-exemple\/la-famille-puyhardy-vers-1910\/\"><img loading=\"lazy\" class=\"alignnone size-medium wp-image-97\" src=\"http:\/\/puyhardy.fr\/genealogie\/wp-content\/uploads\/2016\/05\/Puyhardy-1910-300x194.gif\" alt=\"Puyhardy 1910\" width=\"300\" height=\"194\" \/><\/a><\/p>\n<p>Je suis n\u00e9 en 1962, mon grand p\u00e8re paternel est p\u00e9rigourdin; son \u00e9pouse est italienne, quant \u00e0 mes deux autres grand-parents, ils sont allemands : ma g\u00e9n\u00e9alogie tourne donc autour de 3 pays europ\u00e9ens.<\/p>\n<p>Mon \u00e9pouse, n\u00e9e en 1965, a des grand-parents proven\u00e7aux et c\u00e9venols, mais aussi allemands et dans l&rsquo;ascendance de ces derniers,\u00a0 on trouve des anc\u00eatres originaires de toutes les contr\u00e9es europ\u00e9ennes.<\/p>\n<p>Alors, bon voyage aux pays de nos anc\u00eatres \ud83d\ude42<\/p>\n<ul>\n<li>la <a href=\"http:\/\/puyhardy.esy.es\/wordpress\/choix-du-site\/page-d-exemple\/genealogie-helvetique\/\">branche suisse<\/a> de mon \u00e9pouse<\/li>\n<li>le site avec des <a href=\"http:\/\/puyhardy.monsite-orange.fr\/index.html\">photos de famille du d\u00e9but du XX\u00e8me si\u00e8cle<\/a><\/li>\n<li>des habitants de <a href=\"http:\/\/puyhardy.esy.es\/wordpress\/choix-du-site\/page-d-exemple\/villars-1653\/\">Villars (en Dordogne) en 1653<\/a><\/li>\n<li>mon <a href=\"http:\/\/puyhardy.esy.es\/wordpress\/choix-du-site\/page-d-exemple\/famille-fischer\/\">ascendance maternelle (allemande)<\/a><\/li>\n<\/ul>\n<p><span style=\"color: #ff00ff;\">vous souhaitez m&rsquo;aider \u00e0 d\u00e9chiffrer quelques actes anciens<\/span>\u00a0 ?\u00a0 <a href=\"http:\/\/puyhardy.fr\/genealogie\/actes-a-dechiffrer\/\">c&rsquo;est ici<\/a><\/p>\n<p><a href=\"http:\/\/puyhardy.esy.es\/wordpress\/choix-du-site\/page-d-exemple\/la-famille-maroni-vers-1900\/\"><img loading=\"lazy\" class=\"alignnone size-medium wp-image-96\" src=\"http:\/\/puyhardy.fr\/genealogie\/wp-content\/uploads\/2016\/05\/Maroni-1900-300x254.gif\" alt=\"Maroni 1900\" width=\"300\" height=\"254\" \/><\/a>\u00a0 au centre ma grand m\u00e8re Savina MARONI<\/p>\n<p>PS Avez vous remarquer qu&rsquo;en cliquant sur les photos vous ouvriez de nouvelles pages \ud83d\ude09<\/p>\n<p>&nbsp;<\/p>\n<p>et quelques <a href=\"http:\/\/puyhardy.esy.es\/wordpress\/choix-du-site\/page-d-exemple\/quelques-liens-genealogiques\/\">liens<\/a><\/p>\n","protected":false},"excerpt":{"rendered":"<p>Je suis n\u00e9 en 1962, mon grand p\u00e8re paternel est p\u00e9rigourdin; son \u00e9pouse est italienne, quant \u00e0 mes deux autres grand-parents, ils sont allemands : ma g\u00e9n\u00e9alogie tourne donc autour de 3 pays europ\u00e9ens. Mon \u00e9pouse, n\u00e9e en 1965, a des grand-parents proven\u00e7aux et c\u00e9venols, mais aussi allemands et dans l&rsquo;ascendance de ces derniers,\u00a0 on &hellip; <a href=\"http:\/\/puyhardy.fr\/genealogie\/\" class=\"more-link\">Continuer la lecture<span class=\"screen-reader-text\"> de &laquo;&nbsp;ma g\u00e9n\u00e9alogie&nbsp;&raquo;<\/span><\/a><\/p>\n","protected":false},"author":2,"featured_media":0,"parent":14,"menu_order":0,"comment_status":"closed","ping_status":"open","template":"","meta":[],"_links":{"self":[{"href":"http:\/\/puyhardy.fr\/genealogie\/wp-json\/wp\/v2\/pages\/680"}],"collection":[{"href":"http:\/\/puyhardy.fr\/genealogie\/wp-json\/wp\/v2\/pages"}],"about":[{"href":"http:\/\/puyhardy.fr\/genealogie\/wp-json\/wp\/v2\/types\/page"}],"author":[{"embeddable":true,"href":"http:\/\/puyhardy.fr\/genealogie\/wp-json\/wp\/v2\/users\/2"}],"replies":[{"embeddable":true,"href":"http:\/\/puyhardy.fr\/genealogie\/wp-json\/wp\/v2\/comments?post=680"}],"version-history":[{"count":5,"href":"http:\/\/puyhardy.fr\/genealogie\/wp-json\/wp\/v2\/pages\/680\/revisions"}],"predecessor-version":[{"id":769,"href":"http:\/\/puyhardy.fr\/genealogie\/wp-json\/wp\/v2\/pages\/680\/revisions\/769"}],"up":[{"embeddable":true,"href":"http:\/\/puyhardy.fr\/genealogie\/wp-json\/wp\/v2\/pages\/14"}],"wp:attachment":[{"href":"http:\/\/puyhardy.fr\/genealogie\/wp-json\/wp\/v2\/media?parent=680"}],"curies":[{"name":"wp","href":"https:\/\/api.w.org\/{rel}","templated":true}]}}